{"id":49,"date":"2022-04-08T18:27:00","date_gmt":"2022-04-08T21:27:00","guid":{"rendered":"http:\/\/steam360.com.br\/adbrasmogi\/?page_id=2"},"modified":"2022-04-08T18:27:00","modified_gmt":"2022-04-08T21:27:00","slug":"nossa-historia","status":"publish","type":"page","link":"https:\/\/steam360.com.br\/index.php\/nossa-historia\/","title":{"rendered":"Um Pouco da Nossa Hist\u00f3ria"},"content":{"rendered":"\n<figure class=\"wp-block-embed is-type-video is-provider-youtube wp-block-embed-youtube wp-embed-aspect-16-9 wp-has-aspect-ratio\"><div class=\"wp-block-embed__wrapper\">\n<iframe loading=\"lazy\" title=\"80 ANOS DA ASSEMBLEIA DE DEUS MADUREIRA EM MOGI DAS CRUZES\" width=\"500\" height=\"281\" src=\"https:\/\/www.youtube.com\/embed\/1gaDkY9a7SE?feature=oembed\" frameborder=\"0\" allow=\"accelerometer; autoplay; clipboard-write; encrypted-media; gyroscope; picture-in-picture\" allowfullscreen><\/iframe>\n<\/div><\/figure>\n\n\n\n<blockquote class=\"wp-block-quote\"><p>N\u00e3o s\u00e3o alguns anos, mas sim 80 Anos de Trabalho e Dedica\u00e7\u00e3o<\/p><\/blockquote>\n\n\n\n<p>&#8230;somente a Deus Toda Gl\u00f3ria:<\/p>\n\n\n\n<p>Alegrei-me quando me disseram: Vamos \u00e0 casa do Senhor.<\/p>\n\n\n\n<p><a href=\"https:\/\/www.bibliaonline.com.br\/acf\/sl\/122\/1+\">Salmos 122:1<\/a><\/p>\n\n\n\n<p><\/p>\n","protected":false},"excerpt":{"rendered":"<p>N\u00e3o s\u00e3o alguns anos, mas sim 80 Anos de Trabalho e Dedica\u00e7\u00e3o &#8230;somente a Deus Toda Gl\u00f3ria: Alegrei-me quando me disseram: Vamos \u00e0 casa do Senhor. Salmos 122:1<\/p>\n","protected":false},"author":1,"featured_media":0,"parent":0,"menu_order":0,"comment_status":"closed","ping_status":"open","template":"","meta":{"om_disable_all_campaigns":false,"_monsterinsights_skip_tracking":false,"_monsterinsights_sitenote_active":false,"_monsterinsights_sitenote_note":"","_monsterinsights_sitenote_category":0},"aioseo_notices":[],"_links":{"self":[{"href":"https:\/\/steam360.com.br\/index.php\/wp-json\/wp\/v2\/pages\/49"}],"collection":[{"href":"https:\/\/steam360.com.br\/index.php\/wp-json\/wp\/v2\/pages"}],"about":[{"href":"https:\/\/steam360.com.br\/index.php\/wp-json\/wp\/v2\/types\/page"}],"author":[{"embeddable":true,"href":"https:\/\/steam360.com.br\/index.php\/wp-json\/wp\/v2\/users\/1"}],"replies":[{"embeddable":true,"href":"https:\/\/steam360.com.br\/index.php\/wp-json\/wp\/v2\/comments?post=49"}],"version-history":[{"count":0,"href":"https:\/\/steam360.com.br\/index.php\/wp-json\/wp\/v2\/pages\/49\/revisions"}],"wp:attachment":[{"href":"https:\/\/steam360.com.br\/index.php\/wp-json\/wp\/v2\/media?parent=49"}],"curies":[{"name":"wp","href":"https:\/\/api.w.org\/{rel}","templated":true}]}}